{"id":670,"date":"2021-07-01T13:51:37","date_gmt":"2021-07-01T11:51:37","guid":{"rendered":"http:\/\/ott.lake-studio.de\/home"},"modified":"2021-10-12T13:27:26","modified_gmt":"2021-10-12T11:27:26","slug":"home","status":"publish","type":"page","link":"https:\/\/www.dr-ott-zahnaerzte-muenchen.de\/en","title":{"rendered":"Home"},"content":{"rendered":"<div class=\"wpb-content-wrapper\">\n\t\t\t\n\t\t\t\n\t\t\t<section  class=\"content-section vc_bg_video vc_bg_video_large bottom yes  stretch-row-content   no-margin\"    >\n\n\t\t\t\t<div class=\"row  \">\n\n\t\t\t\t\t[vc_column offset=&#8221;vc_col-xs-12&#8243;][vc_column_text]\n<h2 class=\"ls-text-uppercase white video-text ls-no-margin-bottom ls-hide-br-sm\" style=\"text-align: center\">Health starts with a smile.<br \/>\nA warm welcome!<\/h2>\n[\/vc_column_text][ls_vc_spacer vc_height_rwd=&#8221;height&#8211;50&#8243; vc_rwd=&#8221;hidden-md-down&#8221;][\/vc_column]\n\t\t\t\t<\/div>\n\n\t\t\t\t\t\t\t\t<div class=\"bgvideo\" >\n\t\t\t\t\t<video class=\"bgvideo__video\" poster=\"https:\/\/www.dr-ott-zahnaerzte-muenchen.de\/wp-content\/uploads\/2021\/08\/video.jpg\"  loop muted autoplay playsinline>\n\t\t\t\t\t\t\t\t\t\t\t\t<source src=\"https:\/\/www.dr-ott-zahnaerzte-muenchen.de\/wp-content\/uploads\/2021\/08\/video.webm\" type=\"video\/webm\" \/>\n\t\t\t\t\t\t\t\t\t\t\t\t\t\t\t\t\t\t<source src=\"https:\/\/www.dr-ott-zahnaerzte-muenchen.de\/wp-content\/uploads\/2021\/08\/video.mp4\" type=\"video\/mp4\" \/>\n\t\t\t\t\t\t\t\t\t\t\t\t\t\t\t\t\t<\/video><!-- end \/video -->\n\t\t\t\t<\/div><!-- end \/.bgvideo -->\n\n\t\t\t\t\n\t\t\t\t\n\t\t\t\n\t\t\t\n\t\t\t\n\t\t<\/section>\n\n\t\t\n\t\n\t\t\t\n\t\t\t\n\t\t\t<section  class=\"content-section    pt-40-xs pb-40-xs pt-50-md pb-50-md pt-70-lg pb-70-lg  no-margin\"    >\n\n\t\t\t\t<div class=\"row  \">\n\n\t\t\t\t\t[vc_column offset=&#8221;vc_col-md-offset-1 vc_col-md-10&#8243;][vc_column_text]\n<h1 style=\"text-align: center\">The family-run practice of<br \/>\nDr. Ferdinand Ott Dentists Munich East<br \/>\nfocuses on tooth preservation<br \/>\nand gentle, painless healing<\/h1>\n[\/vc_column_text][vc_row_inner][vc_column_inner width=&#8221;1\/4&#8243;][ls_vc_image vc_alignment=&#8221;ls-text-center-xs&#8221; vc_image=&#8221;578&#8243; vc_max_width=&#8221;200&#8243;][\/vc_column_inner][vc_column_inner width=&#8221;3\/4&#8243;][vc_column_text]<strong>Would you like to avoid dental problems, have dental pain treated or beautify your teeth?<\/strong><\/p>\n<p>Then you are in good hands in our practice. Because our patients can rely on our decades of experience. Using the latest technology, our highly qualified <a href=\"https:\/\/www.dr-ott-zahnaerzte-muenchen.de\/en\/dentists\">team of dentists<\/a> treats all patients individually, without fear or stress.<br \/>\nWe want you to feel comfortable during your treatment with us.<br \/>\nEspecially in this day and age, we want to create a counterbalance to the investment-led day clinics. We do not see the patient as an anonymous person, but perceive him or her as a member of the family.<\/p>\n<p><strong>Yours, Dr. med. dent. Ferdinand Ott and the entire practice team<\/strong>[\/vc_column_text][\/vc_column_inner][\/vc_row_inner][\/vc_column]\n\t\t\t\t<\/div>\n\n\t\t\t\t\n\t\t\t\t\n\t\t\t\n\t\t\t\n\t\t\t\n\t\t<\/section>\n\n\t\t\n\t\n\t\t\t\n\t\t\t\n\t\t\t<section  class=\"content-section      no-margin\"    >\n\n\t\t\t\t<div class=\"row  \">\n\n\t\t\t\t\t[vc_column][ls_vc_divider vc_divider_colorpicker=&#8221;#9da983&#8243;][\/vc_column]\n\t\t\t\t<\/div>\n\n\t\t\t\t\n\t\t\t\t\n\t\t\t\n\t\t\t\n\t\t\t\n\t\t<\/section>\n\n\t\t\n\t\n\t\t\t\n\t\t\t\n\t\t\t<section  class=\"content-section    pt-40-xs pt-50-md pt-70-lg  no-margin\"    >\n\n\t\t\t\t<div class=\"row  \">\n\n\t\t\t\t\t[vc_column offset=&#8221;vc_col-md-offset-1 vc_col-md-10&#8243;][vc_column_text]\n<h2 style=\"text-align: center\">Dr. Ferdinand Ott Dentists<br \/>\nMunich East: there for you every day<\/h2>\n[\/vc_column_text][\/vc_column]\n\t\t\t\t<\/div>\n\n\t\t\t\t\n\t\t\t\t\n\t\t\t\n\t\t\t\n\t\t\t\n\t\t<\/section>\n\n\t\t\n\t\n\t\t\t\n\t\t\t\n\t\t\t<section  class=\"content-section    pt-30-xs pb-30-xs pt-40-md pb-40-md  mb-20-xs mb-30-sm\"    >\n\n\t\t\t\t<div class=\"row  \">\n\n\t\t\t\t\t[vc_column width=&#8221;1\/2&#8243;][ls_vc_image vc_alignment=&#8221;ls-text-center-xs&#8221; vc_rwd=&#8221;&#8221; vc_image=&#8221;629&#8243; vc_max_width=&#8221;500&#8243; vc_caption=&#8221;Florian Ott and stud. med. dent. Sarah Ott&#8221;][\/vc_column][vc_column width=&#8221;1\/2&#8243;][vc_column_text]Monday and Tuesday 8 &#8211; 12 am, 2 &#8211; 7 pm<br \/>\nWednesday 8 am -1 pm<br \/>\nThursday 8 -12 am, 2 &#8211; 6 pm<br \/>\nFriday 8 am &#8211; 3 pm<br \/>\nAnd by telephone arrangement<br \/>\n<a href=\"tel:+49896374455\">089 &#8211; 637 44 55<\/a><\/p>\n<p><strong>All health insurances (GKV) and private (PKV)<\/strong><\/p>\n<p>Our international practice team will be happy to help you.[\/vc_column_text][ls_vc_image vc_alignment=&#8221;ls-text-left-xs&#8221; vc_image=&#8221;719&#8243; vc_max_width=&#8221;350&#8243;][vc_column_text]Wir sprechen Deutsch. Mia redn Boarisch. We speak English. Nous parlons fran\u00e7ais. Nosotros hablamos espa\u00f1ol. Noi parliamo italiano. T\u00fcrk\u00e7e konu\u015fuyoruz. Govorimo bosanski. Re\u0101 ph\u016bd p\u0323h\u0101s\u0304\u02b9\u0101 th\u1ecby.<strong><br \/>\n<\/strong>[\/vc_column_text][\/vc_column]\n\t\t\t\t<\/div>\n\n\t\t\t\t\n\t\t\t\t\n\t\t\t\n\t\t\t\n\t\t\t\n\t\t<\/section>\n\n\t\t\n\t\n\t\t\t\n\t\t\t\n\t\t\t<section  class=\"content-section    stretch-row pt-30-xs pb-30-xs pt-40-md pb-40-md  no-margin\"  style=\"background-color:rgba(212,240,245,0.6);\"  >\n\n\t\t\t\t<div class=\"row  \">\n\n\t\t\t\t\t[vc_column offset=&#8221;vc_col-md-offset-1 vc_col-md-10&#8243;][vc_column_text]\n<h2 style=\"text-align: center\">Dr. Ferdinand Ott Dentists<br \/>\nMunich-East: Hygiene management<\/h2>\n[\/vc_column_text][vc_column_text]For the safety of our patients, we work according to a strict hygiene concept that provides the highest possible safety standard for every treatment. <strong>We ask all patients to heed the current obligation to wear a mask. <\/strong>[\/vc_column_text][\/vc_column]\n\t\t\t\t<\/div>\n\n\t\t\t\t\n\t\t\t\t\n\t\t\t\n\t\t\t\n\t\t\t\n\t\t<\/section>\n\n\t\t\n\t\n\t\t\t\n\t\t\t\n\t\t\t<section  class=\"content-section    pt-40-xs pt-50-md pt-70-lg  no-margin\"    >\n\n\t\t\t\t<div class=\"row  \">\n\n\t\t\t\t\t[vc_column offset=&#8221;vc_col-md-offset-1 vc_col-md-10&#8243;][vc_column_text]\n<h2 style=\"text-align: center\">Dr. Ferdinand Ott Dentists<br \/>\nMunich-East: we do everything for your dental health<\/h2>\n[\/vc_column_text][vc_column_text]Our absolute priority is always the preservation of your teeth. Thanks to our many years of experience and state-of-the-art diagnostic techniques, we can detect diseases in good time and treat them before major damage occurs. Another prerequisite for the prevention of caries and periodontitis is regular professional dental cleaning.[\/vc_column_text][\/vc_column]\n\t\t\t\t<\/div>\n\n\t\t\t\t\n\t\t\t\t\n\t\t\t\n\t\t\t\n\t\t\t\n\t\t<\/section>\n\n\t\t\n\t\n\t\t\t\n\t\t\t\n\t\t\t<section  class=\"content-section    pt-40-xs pb-40-xs pt-50-md pb-50-md pt-70-lg pb-70-lg  no-margin\"    >\n\n\t\t\t\t<div class=\"row  \">\n\n\t\t\t\t\t[vc_column width=&#8221;1\/3&#8243;][ls_vc_image vc_alignment=&#8221;ls-text-center-xs&#8221; vc_image=&#8221;361&#8243; vc_link=&#8221;url:https%3A%2F%2Fwww.dr-ott-zahnaerzte-muenchen.de%2Fen%2Fpractice&#8221;][vc_column_text]\n<p style=\"text-align: center\"><strong>Digital X-ray<\/strong><\/p>\n<p style=\"text-align: center\">High-precision technology with significantly<br \/>\nreduced radiation exposure.<\/p>\n[\/vc_column_text][\/vc_column][vc_column width=&#8221;1\/3&#8243;][ls_vc_image vc_alignment=&#8221;ls-text-center-xs&#8221; vc_image=&#8221;644&#8243; vc_link=&#8221;url:https%3A%2F%2Fwww.dr-ott-zahnaerzte-muenchen.de%2Fen%2Fpractice%23laboratory&#8221;][vc_column_text]\n<p style=\"text-align: center\"><strong>In-house master laboratory<\/strong><\/p>\n<p style=\"text-align: center\">For high-quality aesthetic and<br \/>\nindividual consultation.<\/p>\n[\/vc_column_text][\/vc_column][vc_column width=&#8221;1\/3&#8243;][ls_vc_image vc_alignment=&#8221;ls-text-center-xs&#8221; vc_image=&#8221;640&#8243; vc_link=&#8221;url:https%3A%2F%2Fwww.dr-ott-zahnaerzte-muenchen.de%2Fen%2Fdentists%23dentistry&#8221;][vc_column_text]\n<p style=\"text-align: center\"><strong>Professional dental cleaning<\/strong><\/p>\n<p style=\"text-align: center\">For perfect oral hygiene and for<br \/>\nthe prevention of diseases.<\/p>\n[\/vc_column_text][\/vc_column]\n\t\t\t\t<\/div>\n\n\t\t\t\t\n\t\t\t\t\n\t\t\t\n\t\t\t\n\t\t\t\n\t\t<\/section>\n\n\t\t\n\t\n\t\t\t\n\t\t\t\n\t\t\t<section  class=\"content-section      no-margin\"    >\n\n\t\t\t\t<div class=\"row  \">\n\n\t\t\t\t\t[vc_column][ls_vc_divider vc_divider_colorpicker=&#8221;#9da983&#8243;][\/vc_column]\n\t\t\t\t<\/div>\n\n\t\t\t\t\n\t\t\t\t\n\t\t\t\n\t\t\t\n\t\t\t\n\t\t<\/section>\n\n\t\t\n\t\n<\/div>","protected":false},"excerpt":{"rendered":"[vc_column offset=\"vc_col-xs-12\"][vc_column_text] Health starts with a smile. A warm welcome! [\/vc_column_text][ls_vc_spacer vc_height_rwd=\"height--50\" vc_rwd=\"hidden-md-down\"][\/vc_column] [vc_column offset=\"vc_col-md-offset-1 vc_col-md-10\"][vc_column_text] The family-run practice of Dr. Ferdinand Ott Dentists Munich East focuses on tooth preservation and gentle, painless healing [\/vc_column_text][vc_row_inner][vc_column_inner width=\"1\/4\"][ls_vc_image vc_alignment=\"ls-text-center-xs\" vc_image=\"578\" vc_max_width=\"200\"][\/vc_column_inner][vc_column_inner width=\"3\/4\"][vc_column_text]Would you like to avoid dental problems, have dental pain treated <a class=\"moretag\" href=\"https:\/\/www.dr-ott-zahnaerzte-muenchen.de\/en\">read more...<\/a>","protected":false},"author":1,"featured_media":0,"parent":0,"menu_order":2,"comment_status":"closed","ping_status":"open","template":"","meta":{"_acf_changed":false,"footnotes":"","_links_to":"","_links_to_target":""},"class_list":["post-670","page","type-page","status-publish","hentry"],"acf":[],"yoast_head":"<!-- This site is optimized with the Yoast SEO plugin v27.6 - https:\/\/yoast.com\/product\/yoast-seo-wordpress\/ -->\n<title>Home - Dr. Ferdinand Ott Zahn\u00e4rzte<\/title>\n<meta name=\"robots\" content=\"index, follow, max-snippet:-1, max-image-preview:large, max-video-preview:-1\" \/>\n<link rel=\"canonical\" href=\"https:\/\/www.dr-ott-zahnaerzte-muenchen.de\/en\" \/>\n<meta property=\"og:locale\" content=\"en_US\" \/>\n<meta property=\"og:type\" content=\"article\" \/>\n<meta property=\"og:title\" content=\"Home - Dr. Ferdinand Ott Zahn\u00e4rzte\" \/>\n<meta property=\"og:url\" content=\"https:\/\/www.dr-ott-zahnaerzte-muenchen.de\/en\" \/>\n<meta property=\"og:site_name\" content=\"Dr. Ferdinand Ott Zahn\u00e4rzte\" \/>\n<meta property=\"article:modified_time\" content=\"2021-10-12T11:27:26+00:00\" \/>\n<meta name=\"twitter:card\" content=\"summary_large_image\" \/>\n<meta name=\"twitter:label1\" content=\"Est. reading time\" \/>\n\t<meta name=\"twitter:data1\" content=\"3 minutes\" \/>\n<script type=\"application\/ld+json\" class=\"yoast-schema-graph\">{\"@context\":\"https:\\\/\\\/schema.org\",\"@graph\":[{\"@type\":\"WebPage\",\"@id\":\"https:\\\/\\\/www.dr-ott-zahnaerzte-muenchen.de\\\/en\",\"url\":\"https:\\\/\\\/www.dr-ott-zahnaerzte-muenchen.de\\\/en\",\"name\":\"Home - Dr. Ferdinand Ott Zahn\u00e4rzte\",\"isPartOf\":{\"@id\":\"https:\\\/\\\/www.dr-ott-zahnaerzte-muenchen.de\\\/#website\"},\"datePublished\":\"2021-07-01T11:51:37+00:00\",\"dateModified\":\"2021-10-12T11:27:26+00:00\",\"breadcrumb\":{\"@id\":\"https:\\\/\\\/www.dr-ott-zahnaerzte-muenchen.de\\\/en#breadcrumb\"},\"inLanguage\":\"en-US\",\"potentialAction\":[{\"@type\":\"ReadAction\",\"target\":[\"https:\\\/\\\/www.dr-ott-zahnaerzte-muenchen.de\\\/en\"]}]},{\"@type\":\"BreadcrumbList\",\"@id\":\"https:\\\/\\\/www.dr-ott-zahnaerzte-muenchen.de\\\/en#breadcrumb\",\"itemListElement\":[{\"@type\":\"ListItem\",\"position\":1,\"name\":\"Startseite\",\"item\":\"https:\\\/\\\/www.dr-ott-zahnaerzte-muenchen.de\\\/en\"},{\"@type\":\"ListItem\",\"position\":2,\"name\":\"Home\"}]},{\"@type\":\"WebSite\",\"@id\":\"https:\\\/\\\/www.dr-ott-zahnaerzte-muenchen.de\\\/#website\",\"url\":\"https:\\\/\\\/www.dr-ott-zahnaerzte-muenchen.de\\\/\",\"name\":\"Dr. Ferdinand Ott Zahn\u00e4rzte\",\"description\":\"\",\"potentialAction\":[{\"@type\":\"SearchAction\",\"target\":{\"@type\":\"EntryPoint\",\"urlTemplate\":\"https:\\\/\\\/www.dr-ott-zahnaerzte-muenchen.de\\\/?s={search_term_string}\"},\"query-input\":{\"@type\":\"PropertyValueSpecification\",\"valueRequired\":true,\"valueName\":\"search_term_string\"}}],\"inLanguage\":\"en-US\"}]}<\/script>\n<!-- \/ Yoast SEO plugin. -->","yoast_head_json":{"title":"Home - Dr. Ferdinand Ott Zahn\u00e4rzte","robots":{"index":"index","follow":"follow","max-snippet":"max-snippet:-1","max-image-preview":"max-image-preview:large","max-video-preview":"max-video-preview:-1"},"canonical":"https:\/\/www.dr-ott-zahnaerzte-muenchen.de\/en","og_locale":"en_US","og_type":"article","og_title":"Home - Dr. Ferdinand Ott Zahn\u00e4rzte","og_url":"https:\/\/www.dr-ott-zahnaerzte-muenchen.de\/en","og_site_name":"Dr. Ferdinand Ott Zahn\u00e4rzte","article_modified_time":"2021-10-12T11:27:26+00:00","twitter_card":"summary_large_image","twitter_misc":{"Est. reading time":"3 minutes"},"schema":{"@context":"https:\/\/schema.org","@graph":[{"@type":"WebPage","@id":"https:\/\/www.dr-ott-zahnaerzte-muenchen.de\/en","url":"https:\/\/www.dr-ott-zahnaerzte-muenchen.de\/en","name":"Home - Dr. Ferdinand Ott Zahn\u00e4rzte","isPartOf":{"@id":"https:\/\/www.dr-ott-zahnaerzte-muenchen.de\/#website"},"datePublished":"2021-07-01T11:51:37+00:00","dateModified":"2021-10-12T11:27:26+00:00","breadcrumb":{"@id":"https:\/\/www.dr-ott-zahnaerzte-muenchen.de\/en#breadcrumb"},"inLanguage":"en-US","potentialAction":[{"@type":"ReadAction","target":["https:\/\/www.dr-ott-zahnaerzte-muenchen.de\/en"]}]},{"@type":"BreadcrumbList","@id":"https:\/\/www.dr-ott-zahnaerzte-muenchen.de\/en#breadcrumb","itemListElement":[{"@type":"ListItem","position":1,"name":"Startseite","item":"https:\/\/www.dr-ott-zahnaerzte-muenchen.de\/en"},{"@type":"ListItem","position":2,"name":"Home"}]},{"@type":"WebSite","@id":"https:\/\/www.dr-ott-zahnaerzte-muenchen.de\/#website","url":"https:\/\/www.dr-ott-zahnaerzte-muenchen.de\/","name":"Dr. Ferdinand Ott Zahn\u00e4rzte","description":"","potentialAction":[{"@type":"SearchAction","target":{"@type":"EntryPoint","urlTemplate":"https:\/\/www.dr-ott-zahnaerzte-muenchen.de\/?s={search_term_string}"},"query-input":{"@type":"PropertyValueSpecification","valueRequired":true,"valueName":"search_term_string"}}],"inLanguage":"en-US"}]}},"_links":{"self":[{"href":"https:\/\/www.dr-ott-zahnaerzte-muenchen.de\/en\/wp-json\/wp\/v2\/pages\/670","targetHints":{"allow":["GET"]}}],"collection":[{"href":"https:\/\/www.dr-ott-zahnaerzte-muenchen.de\/en\/wp-json\/wp\/v2\/pages"}],"about":[{"href":"https:\/\/www.dr-ott-zahnaerzte-muenchen.de\/en\/wp-json\/wp\/v2\/types\/page"}],"author":[{"embeddable":true,"href":"https:\/\/www.dr-ott-zahnaerzte-muenchen.de\/en\/wp-json\/wp\/v2\/users\/1"}],"replies":[{"embeddable":true,"href":"https:\/\/www.dr-ott-zahnaerzte-muenchen.de\/en\/wp-json\/wp\/v2\/comments?post=670"}],"version-history":[{"count":20,"href":"https:\/\/www.dr-ott-zahnaerzte-muenchen.de\/en\/wp-json\/wp\/v2\/pages\/670\/revisions"}],"predecessor-version":[{"id":830,"href":"https:\/\/www.dr-ott-zahnaerzte-muenchen.de\/en\/wp-json\/wp\/v2\/pages\/670\/revisions\/830"}],"wp:attachment":[{"href":"https:\/\/www.dr-ott-zahnaerzte-muenchen.de\/en\/wp-json\/wp\/v2\/media?parent=670"}],"curies":[{"name":"wp","href":"https:\/\/api.w.org\/{rel}","templated":true}]}}